{"id":64,"date":"2019-07-08T12:22:01","date_gmt":"2019-07-08T18:22:01","guid":{"rendered":"http:\/\/192.168.0.78:81\/sascim.com.gt\/?page_id=64"},"modified":"2021-09-20T11:18:19","modified_gmt":"2021-09-20T17:18:19","slug":"sobre-nosotros","status":"publish","type":"page","link":"https:\/\/sascim.com.gt\/index.php\/sobre-nosotros\/","title":{"rendered":"Sobre Nosotros"},"content":{"rendered":"\n<h2 class=\"wp-block-heading\">Misi\u00f3n<\/h2>\n\n\n\n<p> Proporcionar los servicios p\u00fablicos de agua potable<br> a la poblaci\u00f3n de Ciudad San Crist\u00f3bal, zona 8 de Mixco, garantizando con ello el derecho<br> fundamental de acceso a los mismos, contribuyendo as\u00ed a su desarrollo sostenible e<br> integral y la sustentabilidad del recurso.<\/p>\n\n\n\n<p> <\/p>\n\n\n\n<p> <\/p>\n\n\n\n<p><p> <\/p> <br><\/p>\n\n\n\n<h2 class=\"wp-block-heading\">Visi\u00f3n<\/h2>\n\n\n\n<p>Ser un organismo eficiente, transparente, innovador, autosuficiente y comprometido a<br>garantizar la disponibilidad de los servicios de agua potable en el \u00e1rea de Ciudad San<br>Crist\u00f3bal, manteniendo la constancia en el servicio y preservando el entorno ec\u00f3logico.<\/p>\n\n\n\n<p><\/p>\n","protected":false},"excerpt":{"rendered":"<p>Misi\u00f3n Proporcionar los servicios p\u00fablicos de agua potable a la poblaci\u00f3n de Ciudad San Crist\u00f3bal, zona 8 de Mixco, garantizando con ello el derecho fundamental de acceso a los mismos, contribuyendo as\u00ed a su desarrollo sostenible e integral y la sustentabilidad del recurso. Visi\u00f3n Ser un organismo eficiente, transparente, innovador, autosuficiente y comprometido agarantizar la [&hellip;]<\/p>\n","protected":false},"author":1,"featured_media":0,"parent":0,"menu_order":0,"comment_status":"closed","ping_status":"closed","template":"","meta":{"footnotes":""},"class_list":["post-64","page","type-page","status-publish","hentry"],"yoast_head":"<!-- This site is optimized with the Yoast SEO plugin v26.1.1 - https:\/\/yoast.com\/wordpress\/plugins\/seo\/ -->\n<title>Sobre Nosotros - SASCIM<\/title>\n<meta name=\"robots\" content=\"index, follow, max-snippet:-1, max-image-preview:large, max-video-preview:-1\" \/>\n<link rel=\"canonical\" href=\"https:\/\/sascim.com.gt\/index.php\/sobre-nosotros\/\" \/>\n<meta property=\"og:locale\" content=\"es_ES\" \/>\n<meta property=\"og:type\" content=\"article\" \/>\n<meta property=\"og:title\" content=\"Sobre Nosotros - SASCIM\" \/>\n<meta property=\"og:description\" content=\"Misi\u00f3n Proporcionar los servicios p\u00fablicos de agua potable a la poblaci\u00f3n de Ciudad San Crist\u00f3bal, zona 8 de Mixco, garantizando con ello el derecho fundamental de acceso a los mismos, contribuyendo as\u00ed a su desarrollo sostenible e integral y la sustentabilidad del recurso. Visi\u00f3n Ser un organismo eficiente, transparente, innovador, autosuficiente y comprometido agarantizar la [&hellip;]\" \/>\n<meta property=\"og:url\" content=\"https:\/\/sascim.com.gt\/index.php\/sobre-nosotros\/\" \/>\n<meta property=\"og:site_name\" content=\"SASCIM\" \/>\n<meta property=\"article:publisher\" content=\"https:\/\/www.facebook.com\/sascim.oficial\/\" \/>\n<meta property=\"article:modified_time\" content=\"2021-09-20T17:18:19+00:00\" \/>\n<meta name=\"twitter:card\" content=\"summary_large_image\" \/>\n<meta name=\"twitter:site\" content=\"@oficialsascim\" \/>\n<script type=\"application\/ld+json\" class=\"yoast-schema-graph\">{\"@context\":\"https:\/\/schema.org\",\"@graph\":[{\"@type\":\"WebPage\",\"@id\":\"https:\/\/sascim.com.gt\/index.php\/sobre-nosotros\/\",\"url\":\"https:\/\/sascim.com.gt\/index.php\/sobre-nosotros\/\",\"name\":\"Sobre Nosotros - SASCIM\",\"isPartOf\":{\"@id\":\"https:\/\/sascim.com.gt\/#website\"},\"datePublished\":\"2019-07-08T18:22:01+00:00\",\"dateModified\":\"2021-09-20T17:18:19+00:00\",\"breadcrumb\":{\"@id\":\"https:\/\/sascim.com.gt\/index.php\/sobre-nosotros\/#breadcrumb\"},\"inLanguage\":\"es\",\"potentialAction\":[{\"@type\":\"ReadAction\",\"target\":[\"https:\/\/sascim.com.gt\/index.php\/sobre-nosotros\/\"]}]},{\"@type\":\"BreadcrumbList\",\"@id\":\"https:\/\/sascim.com.gt\/index.php\/sobre-nosotros\/#breadcrumb\",\"itemListElement\":[{\"@type\":\"ListItem\",\"position\":1,\"name\":\"Home\",\"item\":\"https:\/\/sascim.com.gt\/\"},{\"@type\":\"ListItem\",\"position\":2,\"name\":\"Sobre Nosotros\"}]},{\"@type\":\"WebSite\",\"@id\":\"https:\/\/sascim.com.gt\/#website\",\"url\":\"https:\/\/sascim.com.gt\/\",\"name\":\"SASCIM\",\"description\":\"\",\"publisher\":{\"@id\":\"https:\/\/sascim.com.gt\/#organization\"},\"potentialAction\":[{\"@type\":\"SearchAction\",\"target\":{\"@type\":\"EntryPoint\",\"urlTemplate\":\"https:\/\/sascim.com.gt\/?s={search_term_string}\"},\"query-input\":{\"@type\":\"PropertyValueSpecification\",\"valueRequired\":true,\"valueName\":\"search_term_string\"}}],\"inLanguage\":\"es\"},{\"@type\":\"Organization\",\"@id\":\"https:\/\/sascim.com.gt\/#organization\",\"name\":\"SASCIM\",\"url\":\"https:\/\/sascim.com.gt\/\",\"logo\":{\"@type\":\"ImageObject\",\"inLanguage\":\"es\",\"@id\":\"https:\/\/sascim.com.gt\/#\/schema\/logo\/image\/\",\"url\":\"https:\/\/sascim.com.gt\/wp-content\/uploads\/2019\/11\/Factura-prueba.jpg\",\"contentUrl\":\"https:\/\/sascim.com.gt\/wp-content\/uploads\/2019\/11\/Factura-prueba.jpg\",\"width\":658,\"height\":660,\"caption\":\"SASCIM\"},\"image\":{\"@id\":\"https:\/\/sascim.com.gt\/#\/schema\/logo\/image\/\"},\"sameAs\":[\"https:\/\/www.facebook.com\/sascim.oficial\/\",\"https:\/\/x.com\/oficialsascim\",\"https:\/\/www.instagram.com\/sascim_oficial\/\"]}]}<\/script>\n<!-- \/ Yoast SEO plugin. -->","yoast_head_json":{"title":"Sobre Nosotros - SASCIM","robots":{"index":"index","follow":"follow","max-snippet":"max-snippet:-1","max-image-preview":"max-image-preview:large","max-video-preview":"max-video-preview:-1"},"canonical":"https:\/\/sascim.com.gt\/index.php\/sobre-nosotros\/","og_locale":"es_ES","og_type":"article","og_title":"Sobre Nosotros - SASCIM","og_description":"Misi\u00f3n Proporcionar los servicios p\u00fablicos de agua potable a la poblaci\u00f3n de Ciudad San Crist\u00f3bal, zona 8 de Mixco, garantizando con ello el derecho fundamental de acceso a los mismos, contribuyendo as\u00ed a su desarrollo sostenible e integral y la sustentabilidad del recurso. Visi\u00f3n Ser un organismo eficiente, transparente, innovador, autosuficiente y comprometido agarantizar la [&hellip;]","og_url":"https:\/\/sascim.com.gt\/index.php\/sobre-nosotros\/","og_site_name":"SASCIM","article_publisher":"https:\/\/www.facebook.com\/sascim.oficial\/","article_modified_time":"2021-09-20T17:18:19+00:00","twitter_card":"summary_large_image","twitter_site":"@oficialsascim","schema":{"@context":"https:\/\/schema.org","@graph":[{"@type":"WebPage","@id":"https:\/\/sascim.com.gt\/index.php\/sobre-nosotros\/","url":"https:\/\/sascim.com.gt\/index.php\/sobre-nosotros\/","name":"Sobre Nosotros - SASCIM","isPartOf":{"@id":"https:\/\/sascim.com.gt\/#website"},"datePublished":"2019-07-08T18:22:01+00:00","dateModified":"2021-09-20T17:18:19+00:00","breadcrumb":{"@id":"https:\/\/sascim.com.gt\/index.php\/sobre-nosotros\/#breadcrumb"},"inLanguage":"es","potentialAction":[{"@type":"ReadAction","target":["https:\/\/sascim.com.gt\/index.php\/sobre-nosotros\/"]}]},{"@type":"BreadcrumbList","@id":"https:\/\/sascim.com.gt\/index.php\/sobre-nosotros\/#breadcrumb","itemListElement":[{"@type":"ListItem","position":1,"name":"Home","item":"https:\/\/sascim.com.gt\/"},{"@type":"ListItem","position":2,"name":"Sobre Nosotros"}]},{"@type":"WebSite","@id":"https:\/\/sascim.com.gt\/#website","url":"https:\/\/sascim.com.gt\/","name":"SASCIM","description":"","publisher":{"@id":"https:\/\/sascim.com.gt\/#organization"},"potentialAction":[{"@type":"SearchAction","target":{"@type":"EntryPoint","urlTemplate":"https:\/\/sascim.com.gt\/?s={search_term_string}"},"query-input":{"@type":"PropertyValueSpecification","valueRequired":true,"valueName":"search_term_string"}}],"inLanguage":"es"},{"@type":"Organization","@id":"https:\/\/sascim.com.gt\/#organization","name":"SASCIM","url":"https:\/\/sascim.com.gt\/","logo":{"@type":"ImageObject","inLanguage":"es","@id":"https:\/\/sascim.com.gt\/#\/schema\/logo\/image\/","url":"https:\/\/sascim.com.gt\/wp-content\/uploads\/2019\/11\/Factura-prueba.jpg","contentUrl":"https:\/\/sascim.com.gt\/wp-content\/uploads\/2019\/11\/Factura-prueba.jpg","width":658,"height":660,"caption":"SASCIM"},"image":{"@id":"https:\/\/sascim.com.gt\/#\/schema\/logo\/image\/"},"sameAs":["https:\/\/www.facebook.com\/sascim.oficial\/","https:\/\/x.com\/oficialsascim","https:\/\/www.instagram.com\/sascim_oficial\/"]}]}},"_links":{"self":[{"href":"https:\/\/sascim.com.gt\/index.php\/wp-json\/wp\/v2\/pages\/64","targetHints":{"allow":["GET"]}}],"collection":[{"href":"https:\/\/sascim.com.gt\/index.php\/wp-json\/wp\/v2\/pages"}],"about":[{"href":"https:\/\/sascim.com.gt\/index.php\/wp-json\/wp\/v2\/types\/page"}],"author":[{"embeddable":true,"href":"https:\/\/sascim.com.gt\/index.php\/wp-json\/wp\/v2\/users\/1"}],"replies":[{"embeddable":true,"href":"https:\/\/sascim.com.gt\/index.php\/wp-json\/wp\/v2\/comments?post=64"}],"version-history":[{"count":0,"href":"https:\/\/sascim.com.gt\/index.php\/wp-json\/wp\/v2\/pages\/64\/revisions"}],"wp:attachment":[{"href":"https:\/\/sascim.com.gt\/index.php\/wp-json\/wp\/v2\/media?parent=64"}],"curies":[{"name":"wp","href":"https:\/\/api.w.org\/{rel}","templated":true}]}}